{"id":20602,"date":"2019-05-03T10:39:29","date_gmt":"2019-05-03T08:39:29","guid":{"rendered":"https:\/\/www.alerion.ch\/?page_id=20602"},"modified":"2023-08-08T17:32:33","modified_gmt":"2023-08-08T15:32:33","slug":"services","status":"publish","type":"page","link":"https:\/\/www.alerion.ch\/fr\/services\/","title":{"rendered":"Services"},"content":{"rendered":"<div id='layer_slider_1'  class='avia-layerslider main_color avia-shadow  avia-builder-el-0  el_before_av_hr  avia-builder-el-first  container_wrap sidebar_right'  style='height: 471px;'  ><\/div><div id='after_layer_slider_1'  class='main_color av_default_container_wrap container_wrap sidebar_right'  ><div class='container av-section-cont-open' ><div class='template-page content  av-content-small alpha units'><div class='post-entry post-entry-type-page post-entry-20602'><div class='entry-content-wrapper clearfix'>\n\n<style type=\"text\/css\" data-created_by=\"avia_inline_auto\" id=\"style-css-av-jte0h38k-e0a40e3a8aa251f76730de32990b1080\">\n#top .hr.hr-invisible.av-jte0h38k-e0a40e3a8aa251f76730de32990b1080{\nheight:35px;\n}\n<\/style>\n<div  class='hr av-jte0h38k-e0a40e3a8aa251f76730de32990b1080 hr-invisible  avia-builder-el-1  el_after_av_layerslider  el_before_av_textblock  avia-builder-el-first '><span class='hr-inner '><span class=\"hr-inner-style\"><\/span><\/span><\/div>\n<section  class='av_textblock_section av-jtcumshe-075036ee66709a309730fc37a06a3d21 '   itemscope=\"itemscope\" itemtype=\"https:\/\/schema.org\/CreativeWork\" ><div class='avia_textblock'  itemprop=\"text\" ><h1 class=\"title-heading-left\" style=\"text-align: left;\" data-fontsize=\"22\" data-lineheight=\"33\">Notre <span style=\"color: #bf0000;\">offre<\/span><\/h1>\n<\/div><\/section>\n<section  class='av_textblock_section av-jve0k8jy-049dc1e5544b7a1598dc1ebc9405ca40 '   itemscope=\"itemscope\" itemtype=\"https:\/\/schema.org\/CreativeWork\" ><div class='avia_textblock'  itemprop=\"text\" ><div class=\"fusion-title title fusion-title-size-two fusion-border-below-title\">\n<p><span style=\"font-weight: 400;\">Nous sommes une soci\u00e9t\u00e9 de conseil aux entreprises sp\u00e9cialis\u00e9e depuis 1992 dans le d\u00e9veloppement et la mise en \u0153uvre de strat\u00e9gies \u00e0 l\u2019aide d\u2019une approche m\u00e9thodologique et technique. Nos m\u00e9thodes et approches reposent sur un principe et ont \u00e9t\u00e9 test\u00e9es dans la pratique. Dans notre domaine de pr\u00e9dilection \u00ab\u00e9cosyst\u00e8me de la sant\u00e9\u00bb, nous disposons en outre de solides connaissances sp\u00e9cialis\u00e9es qui vont bien au-del\u00e0 d\u2019une simple comp\u00e9tence m\u00e9thodologique. Nos comp\u00e9tences cl\u00e9s comprennent le d\u00e9veloppement et la mise en \u0153uvre de strat\u00e9gies ainsi que la direction de projets. L\u2019important pour nous est de convertir tout cela en mesures concr\u00e8tes, r\u00e9alisables, efficaces et cibl\u00e9es.<\/span><\/p>\n<\/div>\n<\/div><\/section>\n\n<style type=\"text\/css\" data-created_by=\"avia_inline_auto\" id=\"style-css-av-9q75ti-b265ebb9c5f0e53fef9c6c3b486babec\">\n#top .flex_column.av-9q75ti-b265ebb9c5f0e53fef9c6c3b486babec{\nmargin-top:-50px;\nmargin-bottom:-50px;\n}\n.responsive #top #wrap_all .flex_column.av-9q75ti-b265ebb9c5f0e53fef9c6c3b486babec{\nmargin-top:-50px;\nmargin-bottom:-50px;\n}\n<\/style>\n<div  class='flex_column av-9q75ti-b265ebb9c5f0e53fef9c6c3b486babec av_three_fifth  avia-builder-el-4  el_after_av_textblock  el_before_av_two_fifth  first flex_column_div  column-top-margin'     ><p>\n<style type=\"text\/css\" data-created_by=\"avia_inline_auto\" id=\"style-css-av-9ggw92-3942cea62fb072d7f0cae35e935e2aa3\">\n.iconbox.av-9ggw92-3942cea62fb072d7f0cae35e935e2aa3 .iconbox_icon{\ncolor:#e03535;\n}\n<\/style>\n<article  class='iconbox iconbox_left av-9ggw92-3942cea62fb072d7f0cae35e935e2aa3  avia-builder-el-5  el_before_av_button  avia-builder-el-first '  itemscope=\"itemscope\" itemtype=\"https:\/\/schema.org\/CreativeWork\" ><div class=\"iconbox_content\"><header class=\"entry-content-header\"><div class=\"iconbox_icon heading-color\" aria-hidden='true' data-av_icon='\ue8ad' data-av_iconfont='entypo-fontello'><\/div><h3 class='iconbox_content_title '  itemprop=\"headline\" >Conseil dans l\u2019\u00e9cosyst\u00e8me de la sant\u00e9<\/h3><\/header><div class='iconbox_content_container '  itemprop=\"text\" ><p><span style=\"font-weight: 400;\">Qu\u2019il s\u2019agisse d\u2019un h\u00f4pital, d\u2019un prestataire de services, d\u2019une assurance, d\u2019un organisme responsable, des pouvoirs publics, de l\u2019industrie pharmaceutique ou de la technologie m\u00e9dicale, le march\u00e9 de la sant\u00e9 est en pleine mutation. Gr\u00e2ce \u00e0 notre longue exp\u00e9rience sectorielle en d\u00e9veloppement de strat\u00e9gies, mise en \u0153uvre de strat\u00e9gies et direction de projets dans le domaine de la sant\u00e9, nous nous faisons un plaisir de vous aider \u00e0 relever les d\u00e9fis d\u2019aujourd\u2019hui et de demain avec succ\u00e8s.<\/span><\/p>\n<\/div><\/div><footer class=\"entry-footer\"><\/footer><\/article><br \/>\n<div  class='avia-button-wrap av-jtcxos4p-9a37f703672b1060c9a2e82f77770aa9-wrap avia-button-left  avia-builder-el-6  el_after_av_icon_box  avia-builder-el-last '><a href='https:\/\/www.alerion.ch\/fr\/ecosysteme-de-la-sante\/'  class='avia-button av-jtcxos4p-9a37f703672b1060c9a2e82f77770aa9 av-link-btn avia-icon_select-no avia-size-small avia-position-left avia-color-theme-color'  ><span class='avia_iconbox_title' >En savoir plus<\/span><\/a><\/div><\/p><\/div>\n\n<style type=\"text\/css\" data-created_by=\"avia_inline_auto\" id=\"style-css-av-9q75ti-0402bb608979e4563d5769b8c3b8a558\">\n#top .flex_column.av-9q75ti-0402bb608979e4563d5769b8c3b8a558{\nmargin-top:-50px;\nmargin-bottom:-50px;\n}\n.responsive #top #wrap_all .flex_column.av-9q75ti-0402bb608979e4563d5769b8c3b8a558{\nmargin-top:-50px;\nmargin-bottom:-50px;\n}\n<\/style>\n<div  class='flex_column av-9q75ti-0402bb608979e4563d5769b8c3b8a558 av_two_fifth  avia-builder-el-7  el_after_av_three_fifth  el_before_av_three_fifth  flex_column_div  column-top-margin'     ><div  class='avia-slideshow av-l7j0zc7p-b40d3a6e6d561db188dae515baf51d57 avia-slideshow-extra_large av_slideshow avia-slide-slider  avia-builder-el-8  avia-builder-el-no-sibling  av-slideshow-ui av-control-default av-slideshow-manual av-loop-once av-loop-manual-endless av-default-height-applied avia-slideshow-1' data-slideshow-options=\"{&quot;animation&quot;:&quot;slide&quot;,&quot;autoplay&quot;:false,&quot;loop_autoplay&quot;:&quot;once&quot;,&quot;interval&quot;:5,&quot;loop_manual&quot;:&quot;manual-endless&quot;,&quot;autoplay_stopper&quot;:false,&quot;noNavigation&quot;:false,&quot;bg_slider&quot;:false,&quot;keep_padding&quot;:false,&quot;hoverpause&quot;:false,&quot;show_slide_delay&quot;:0}\"  itemprop=\"image\" itemscope=\"itemscope\" itemtype=\"https:\/\/schema.org\/ImageObject\" ><ul class='avia-slideshow-inner ' style='padding-bottom: 87.866108786611%;'><li  class='avia-slideshow-slide av-l7j0zc7p-b40d3a6e6d561db188dae515baf51d57__0  av-single-slide slide-1 slide-odd'><div data-rel='slideshow-1' class='avia-slide-wrap '   ><img decoding=\"async\" fetchpriority=\"high\" class=\"wp-image-20664 avia-img-lazy-loading-not-20664\"  src=\"https:\/\/www.alerion.ch\/wp-content\/uploads\/2023\/08\/oekosystem-fr.jpg\" width=\"478\" height=\"420\" title='oekosystem-fr' alt=''  itemprop=\"thumbnailUrl\" srcset=\"https:\/\/www.alerion.ch\/wp-content\/uploads\/2023\/08\/oekosystem-fr.jpg 478w, https:\/\/www.alerion.ch\/wp-content\/uploads\/2023\/08\/oekosystem-fr-300x264.jpg 300w, https:\/\/www.alerion.ch\/wp-content\/uploads\/2023\/08\/oekosystem-fr-450x395.jpg 450w\" sizes=\"(max-width: 478px) 100vw, 478px\" \/><\/div><\/li><\/ul><\/div><\/div><div  class='flex_column av-9c1avq-513434a5b71b5bf44b208e1a9fc19a43 av_three_fifth  avia-builder-el-9  el_after_av_two_fifth  avia-builder-el-last  first flex_column_div  '     ><p>\n<style type=\"text\/css\" data-created_by=\"avia_inline_auto\" id=\"style-css-av-98atty-c9877aa0b4d5b2928a60c3dc076d44a3\">\n.iconbox.av-98atty-c9877aa0b4d5b2928a60c3dc076d44a3 .iconbox_icon{\ncolor:#e03535;\n}\n<\/style>\n<article  class='iconbox iconbox_left av-98atty-c9877aa0b4d5b2928a60c3dc076d44a3  avia-builder-el-10  el_before_av_button  avia-builder-el-first '  itemscope=\"itemscope\" itemtype=\"https:\/\/schema.org\/CreativeWork\" ><div class=\"iconbox_content\"><header class=\"entry-content-header\"><div class=\"iconbox_icon heading-color\" aria-hidden='true' data-av_icon='\ue83c' data-av_iconfont='entypo-fontello'><\/div><h3 class='iconbox_content_title '  itemprop=\"headline\" >Un conseil ind\u00e9pendant de la branche<\/h3><\/header><div class='iconbox_content_container '  itemprop=\"text\" ><p><span style=\"font-weight: 400;\">Nous offrons un conseil professionnel aux organisations et aux entreprises de toutes les branches en mati\u00e8re de d\u00e9veloppement strat\u00e9gique, de mise en \u0153uvre de la strat\u00e9gie et de direction de projets. Nous abordons votre situation de mani\u00e8re individuelle et puisons dans une mine d\u2019exp\u00e9riences accumul\u00e9es depuis plus de 30\u00a0ans \u2013 que vous souhaitiez un soutien bref et ponctuel ou un accompagnement sur plusieurs mois.<\/span><\/p>\n<\/div><\/div><footer class=\"entry-footer\"><\/footer><\/article><br \/>\n<div  class='avia-button-wrap av-jtcxos4p-962af40248eb846e2fec91f540766a5f-wrap avia-button-left  avia-builder-el-11  el_after_av_icon_box  avia-builder-el-last '><a href='https:\/\/www.alerion.ch\/fr\/conseil-independant\/'  class='avia-button av-jtcxos4p-962af40248eb846e2fec91f540766a5f av-link-btn avia-icon_select-no avia-size-small avia-position-left avia-color-theme-color'  ><span class='avia_iconbox_title' >En savoir plus<\/span><\/a><\/div><\/p><\/div><\/p>\n","protected":false},"excerpt":{"rendered":"<p>This is a Page excerpt. It will be displayed for search results<\/p>\n","protected":false},"author":9,"featured_media":20482,"parent":0,"menu_order":0,"comment_status":"open","ping_status":"open","template":"","meta":{"footnotes":""},"class_list":["post-20602","page","type-page","status-publish","has-post-thumbnail","hentry"],"_links":{"self":[{"href":"https:\/\/www.alerion.ch\/fr\/wp-json\/wp\/v2\/pages\/20602","targetHints":{"allow":["GET"]}}],"collection":[{"href":"https:\/\/www.alerion.ch\/fr\/wp-json\/wp\/v2\/pages"}],"about":[{"href":"https:\/\/www.alerion.ch\/fr\/wp-json\/wp\/v2\/types\/page"}],"author":[{"embeddable":true,"href":"https:\/\/www.alerion.ch\/fr\/wp-json\/wp\/v2\/users\/9"}],"replies":[{"embeddable":true,"href":"https:\/\/www.alerion.ch\/fr\/wp-json\/wp\/v2\/comments?post=20602"}],"version-history":[{"count":6,"href":"https:\/\/www.alerion.ch\/fr\/wp-json\/wp\/v2\/pages\/20602\/revisions"}],"predecessor-version":[{"id":20678,"href":"https:\/\/www.alerion.ch\/fr\/wp-json\/wp\/v2\/pages\/20602\/revisions\/20678"}],"wp:featuredmedia":[{"embeddable":true,"href":"https:\/\/www.alerion.ch\/fr\/wp-json\/wp\/v2\/media\/20482"}],"wp:attachment":[{"href":"https:\/\/www.alerion.ch\/fr\/wp-json\/wp\/v2\/media?parent=20602"}],"curies":[{"name":"wp","href":"https:\/\/api.w.org\/{rel}","templated":true}]}}